{"id":293,"date":"2013-04-25T20:43:37","date_gmt":"2013-04-25T20:43:37","guid":{"rendered":"http:\/\/web.unideb.hu\/zerdelyi\/?page_id=293"},"modified":"2013-12-13T22:56:37","modified_gmt":"2013-12-13T22:56:37","slug":"bibliography","status":"publish","type":"page","link":"http:\/\/web.unideb.hu\/zerdelyi\/diffusion-on-the-nanoscale\/bibliography\/","title":{"rendered":"Bibliography"},"content":{"rendered":"<ul>\n<li><a name=\"cite:ErdelyiPhD\"><\/a>Z. Erd\u00e9lyi. Diffusion in nanomaterials and nanosize effects on mass transport: experiments and simulations. PhD thesis, Universit\u00e9 de Droit, d&#8217;Economie et des Sciences d&#8217;Aix-Marseille, Facult\u00e9 des Sciences et Techniques de Saint-J\u00e9r\u00f4me, Marseille, France; University of Debrecen, Faculty of Sciences, Debrecen, Hungary, 2001. <a href=\"http:\/\/web.unideb.hu\/zerdelyi\/Pdfs\/thesis.pdf\">Full text<\/a>.<\/li>\n<\/ul>\n<ul>\n<li><a name=\"cite:ErdelyiPhilMag1999\"><\/a>Z. Erd\u00e9lyi, D.L. Beke, P. Nemes, and G.A. Langer. On the range of validity of the continuum approach for nonlinear diffusional mixing of multilayers. Philosophical Magazine A: Physics of Condensed Matter, Structure, Defects and Mechanical Properties, 79(8):1757-1768, 1999. <a title=\"Full text\" href=\"http:\/\/web.unideb.hu\/zerdelyi\/publications\/publications-sorted-by-impact-factor\/#cite:ErdelyiPhilMag1999\">Full text<\/a><\/li>\n<li><a name=\"cite:MartinPRB1990\"><\/a>G. Martin. Atomic mobility in Cahn&#8217;s diffusion model. Phys. Rev. B, 41(4):2279-2283, Feb 1990.<\/li>\n<li><a name=\"cite:ErdelyiPRB702004\"><\/a>Z. Erd\u00e9lyi and D. L. Beke. Importance of proper choice of transition rates in kinetic simulations of dynamic processes. Phys. Rev. B, 70(24):245428, Dec 2004. <a title=\"Full text\" href=\"http:\/\/web.unideb.hu\/zerdelyi\/publications\/publications-sorted-by-impact-factor\/#cite:ErdelyiPRB702004\">Full text<\/a>.<\/li>\n<li><a name=\"cite:SoissonActaMat1996\"><\/a>F. Soisson, A. Barbu, and G. Martin. Acta Mater., 44:3789, 1996.<\/li>\n<li><a name=\"cite:ErdelyiSurfSci2002\"><\/a>Z. Erd\u00e9lyi, Ch. Girardeaux, Zs. T?kei, D.L. Beke, Cs. Cserh\u00e1ti, and A. Rolland. Investigation of the interplay of nickel dissolution and copper segregation in ni\/cu(1 1 1) system. Surface Science, 496(1-2):129-140, 2002. <a title=\"Full text\" href=\"http:\/\/web.unideb.hu\/zerdelyi\/publications\/publications-sorted-by-impact-factor\/#cite:ErdelyiSurfSci2002\">Full text<\/a>.<\/li>\n<li><a name=\"cite:ErdelyiPRB692004\"><\/a>Z. Erd\u00e9lyi, G. L. Katona, and D. L. Beke. Nonparabolic nanoscale shift of phase boundaries in binary systems with restricted solubility. Phys. Rev. B, 69(11):113407, Mar 2004. <a title=\"Full text\" href=\"http:\/\/web.unideb.hu\/zerdelyi\/publications\/publications-sorted-by-impact-factor\/#cite:ErdelyiPRB692004\">Full text<\/a>.<\/li>\n<li><a name=\"cite:KatonaPRB2005\"><\/a>G. L. Katona, Z. Erd\u00e9lyi, D. L. Beke, Ch. Dietrich, F. Weigl, H.-G. Boyen, B. Koslowski, and P. Ziemann. Experimental evidence for a nonparabolic nanoscale interface shift during the dissolution of ni into bulk au(111). Phys. Rev. B, 71(11):115432, Mar 2005. <a title=\"Full text\" href=\"http:\/\/web.unideb.hu\/zerdelyi\/publications\/publications-sorted-by-impact-factor\/#cite:KatonaPRB2005\">Full text<\/a>.<\/li>\n<li><a name=\"cite:BaloghAPL2008\"><\/a>Z. Balogh, Z. Erd\u00e9lyi, D.L. Beke, G.A. Langer, A. Csik, H.-G. Boyen, U. Wiedwald, P. Ziemann, A. Portavoce, and C. Girardeaux. Transition from anomalous kinetics toward fickian diffusion for si dissolution into amorphous ge. Applied Physics Letters, 92(14), 2008. <a title=\"Full text\" href=\"http:\/\/web.unideb.hu\/zerdelyi\/publications\/publications-sorted-by-impact-factor\/#cite:BaloghAPL2008\">Full text<\/a>.<\/li>\n<li><a name=\"cite:BekePRB2006\"><\/a>D. L. Beke and Z. Erd\u00e9lyi. Resolution of the diffusional paradox predicting infinitely fast kinetics on the nanoscale. Physical Review B (Condensed Matter and Materials Physics), 73(3):035426, 2006. <a title=\"Full text\" href=\"http:\/\/web.unideb.hu\/zerdelyi\/publications\/publications-sorted-by-impact-factor\/#cite:BekePRB2006\">Full text<\/a>.<\/li>\n<li><a name=\"cite:ErdelyiAPL2008\"><\/a>Z. Erd\u00e9lyi, D.L. Beke, and A. Taranovskyy. Dissolution and off-stoichiometric formation of compound layers in solid state reactions. Applied Physics Letters, 92(13), 2008. <a title=\"Full text\" href=\"http:\/\/web.unideb.hu\/zerdelyi\/publications\/publications-sorted-by-impact-factor\/#cite:ErdelyiAPL2008\">Full text<\/a>.<\/li>\n<li><a name=\"cite:ErdelyiPRL2002\"><\/a>Z. Erd\u00e9lyi, I. A. Szab\u00f3, and D. L. Beke. Interface sharpening instead of broadening by diffusion in ideal binary alloys. Phys. Rev. Lett., 89(16):165901, Oct 2002. <a title=\"Full text\" href=\"http:\/\/web.unideb.hu\/zerdelyi\/publications\/publications-sorted-by-impact-factor\/#cite:ErdelyiPRL2002\">Full text<\/a>.<\/li>\n<li><a name=\"cite:ErdelyiPRB2003\"><\/a>Z. Erd\u00e9lyi and D. L. Beke. Stress effects on diffusional interface sharpening in ideal binary alloys. Phys. Rev. B, 68(9):092102, Sep 2003. <a title=\"Full text\" href=\"http:\/\/web.unideb.hu\/zerdelyi\/publications\/publications-sorted-by-impact-factor\/#cite:ErdelyiPRB2003\">Full text<\/a>.<\/li>\n<li><a name=\"cite:ErdelyiXRS2009\"><\/a>Z. Erd\u00e9lyi, C. Cserhati, A. Csik, L. Dar\u00f3czi, G.A. Langer, Z. Balogh, M. Varga, D.L. Beke, A. Zizak, and A. Erko. Nanoresolution interface studies in thin films by synchrotron x-ray diffraction and by using x-ray waveguide structure. X-ray Spectrometry, 38(4):338-342, 2009. <a title=\"Full text\" href=\"http:\/\/web.unideb.hu\/zerdelyi\/publications\/publications-sorted-by-impact-factor\/#cite:ErdelyiXRS2009\">Full text<\/a>.<\/li>\n<li><a name=\"cite:ErdelyiScience2004\"><\/a>Z. Erd\u00e9lyi, M. Sladecek, L.-M. Stadler, I. Zizak, G.A. Langer, M. Kis-Varga, D.L. Beke, and B. Sepiol. Transient interface sharpening in miscible alloys. Science, 306(5703):1913-1915, 2004. <a title=\"Full text\" href=\"http:\/\/web.unideb.hu\/zerdelyi\/publications\/publications-sorted-by-impact-factor\/#cite:ErdelyiScience2004\">Full text<\/a>.<\/li>\n<li><a name=\"cite:CsikJAP2001\"><\/a>A. Csik, G.A. Langer, D.L. Beke, Z. Erd\u00e9lyi, M. Menyhard, and A. Sulyok. Interdiffusion in amorphous si\/ge multilayers by auger depth profiling technique. Journal of Applied Physics, 89(1):804-806, 2001. <a title=\"Full text\" href=\"http:\/\/web.unideb.hu\/zerdelyi\/publications\/publications-sorted-by-impact-factor\/#cite:CsikJAP2001\">Full text<\/a>.<\/li>\n<li><a name=\"cite:DealJAP1965\"><\/a>B.E. Deal and Groves A. J. Appl. Phys., 36:3770, 1965.<\/li>\n<li><a name=\"cite:NemouchiAPL2005\"><\/a>F. Nemouchi, D. Mangelick, C. Bergmann, Gas P., and Smith U. Appl. Phys. Lett., 86:041903, 2005.<\/li>\n<li><a name=\"cite:CserhatiJAP2008\"><\/a>C. Cserh\u00e1ti, Z. Balogh, A. Csik, G.A. Langer, Z. Erd\u00e9lyi, Gy. Glod\u00e1n, G.L. Katona, D.L. Beke, I. Zizak, N. Darowski, E. Dudzik, and R. Feyerherm. Linear growth kinetics of nanometric silicides in co\/amorphous-si and co\/cosi\/amorphous-si thin films. Journal of Applied Physics, 104(2), 2008. <a title=\"Full text\" href=\"http:\/\/web.unideb.hu\/zerdelyi\/publications\/publications-sorted-by-impact-factor\/#cite:CserhatiJAP2008\">Full text<\/a>.<\/li>\n<\/ul>\n","protected":false},"excerpt":{"rendered":"<p>Z. Erd\u00e9lyi. Diffusion in nanomaterials and nanosize effects on mass transport: experiments and simulations. PhD thesis, Universit\u00e9 de Droit, d&#8217;Economie et des Sciences d&#8217;Aix-Marseille, Facult\u00e9 des Sciences et Techniques de Saint-J\u00e9r\u00f4me, Marseille, France; University of Debrecen, Faculty of Sciences, Debrecen, Hungary, 2001. Full text. Z. Erd\u00e9lyi, D.L. Beke, P. Nemes, and G.A. Langer. On the &hellip; <a href=\"http:\/\/web.unideb.hu\/zerdelyi\/diffusion-on-the-nanoscale\/bibliography\/\" class=\"more-link\">Continue reading <span class=\"screen-reader-text\">Bibliography<\/span> <span class=\"meta-nav\">&rarr;<\/span><\/a><\/p>\n","protected":false},"author":1,"featured_media":0,"parent":4,"menu_order":60,"comment_status":"closed","ping_status":"closed","template":"","meta":{"footnotes":""},"class_list":["post-293","page","type-page","status-publish","hentry"],"yoast_head":"<!-- This site is optimized with the Yoast SEO plugin v26.1.1 - https:\/\/yoast.com\/wordpress\/plugins\/seo\/ -->\n<title>Bibliography - Zolt\u00e1n ERD\u00c9LYI<\/title>\n<meta name=\"robots\" content=\"index, follow, max-snippet:-1, max-image-preview:large, max-video-preview:-1\" \/>\n<link rel=\"canonical\" href=\"http:\/\/web.unideb.hu\/zerdelyi\/diffusion-on-the-nanoscale\/bibliography\/\" \/>\n<meta property=\"og:locale\" content=\"en_US\" \/>\n<meta property=\"og:type\" content=\"article\" \/>\n<meta property=\"og:title\" content=\"Bibliography - Zolt\u00e1n ERD\u00c9LYI\" \/>\n<meta property=\"og:description\" content=\"Z. Erd\u00e9lyi. Diffusion in nanomaterials and nanosize effects on mass transport: experiments and simulations. PhD thesis, Universit\u00e9 de Droit, d&#8217;Economie et des Sciences d&#8217;Aix-Marseille, Facult\u00e9 des Sciences et Techniques de Saint-J\u00e9r\u00f4me, Marseille, France; University of Debrecen, Faculty of Sciences, Debrecen, Hungary, 2001. Full text. Z. Erd\u00e9lyi, D.L. Beke, P. Nemes, and G.A. Langer. On the &hellip; Continue reading Bibliography &rarr;\" \/>\n<meta property=\"og:url\" content=\"http:\/\/web.unideb.hu\/zerdelyi\/diffusion-on-the-nanoscale\/bibliography\/\" \/>\n<meta property=\"og:site_name\" content=\"Zolt\u00e1n ERD\u00c9LYI\" \/>\n<meta property=\"article:modified_time\" content=\"2013-12-13T22:56:37+00:00\" \/>\n<meta name=\"twitter:label1\" content=\"Est. reading time\" \/>\n\t<meta name=\"twitter:data1\" content=\"3 minutes\" \/>\n<script type=\"application\/ld+json\" class=\"yoast-schema-graph\">{\"@context\":\"https:\/\/schema.org\",\"@graph\":[{\"@type\":\"WebPage\",\"@id\":\"http:\/\/web.unideb.hu\/zerdelyi\/diffusion-on-the-nanoscale\/bibliography\/\",\"url\":\"http:\/\/web.unideb.hu\/zerdelyi\/diffusion-on-the-nanoscale\/bibliography\/\",\"name\":\"Bibliography - Zolt\u00e1n ERD\u00c9LYI\",\"isPartOf\":{\"@id\":\"http:\/\/web.unideb.hu\/zerdelyi\/#website\"},\"datePublished\":\"2013-04-25T20:43:37+00:00\",\"dateModified\":\"2013-12-13T22:56:37+00:00\",\"breadcrumb\":{\"@id\":\"http:\/\/web.unideb.hu\/zerdelyi\/diffusion-on-the-nanoscale\/bibliography\/#breadcrumb\"},\"inLanguage\":\"en-US\",\"potentialAction\":[{\"@type\":\"ReadAction\",\"target\":[\"http:\/\/web.unideb.hu\/zerdelyi\/diffusion-on-the-nanoscale\/bibliography\/\"]}]},{\"@type\":\"BreadcrumbList\",\"@id\":\"http:\/\/web.unideb.hu\/zerdelyi\/diffusion-on-the-nanoscale\/bibliography\/#breadcrumb\",\"itemListElement\":[{\"@type\":\"ListItem\",\"position\":1,\"name\":\"Diffusion on the nanoscale\",\"item\":\"http:\/\/web.unideb.hu\/zerdelyi\/diffusion-on-the-nanoscale\/\"},{\"@type\":\"ListItem\",\"position\":2,\"name\":\"Bibliography\"}]},{\"@type\":\"WebSite\",\"@id\":\"http:\/\/web.unideb.hu\/zerdelyi\/#website\",\"url\":\"http:\/\/web.unideb.hu\/zerdelyi\/\",\"name\":\"Zolt\u00e1n ERD\u00c9LYI\",\"description\":\"Nano-materials, diffusion, solid sate reaction\",\"potentialAction\":[{\"@type\":\"SearchAction\",\"target\":{\"@type\":\"EntryPoint\",\"urlTemplate\":\"http:\/\/web.unideb.hu\/zerdelyi\/?s={search_term_string}\"},\"query-input\":{\"@type\":\"PropertyValueSpecification\",\"valueRequired\":true,\"valueName\":\"search_term_string\"}}],\"inLanguage\":\"en-US\"}]}<\/script>\n<!-- \/ Yoast SEO plugin. -->","yoast_head_json":{"title":"Bibliography - Zolt\u00e1n ERD\u00c9LYI","robots":{"index":"index","follow":"follow","max-snippet":"max-snippet:-1","max-image-preview":"max-image-preview:large","max-video-preview":"max-video-preview:-1"},"canonical":"http:\/\/web.unideb.hu\/zerdelyi\/diffusion-on-the-nanoscale\/bibliography\/","og_locale":"en_US","og_type":"article","og_title":"Bibliography - Zolt\u00e1n ERD\u00c9LYI","og_description":"Z. Erd\u00e9lyi. Diffusion in nanomaterials and nanosize effects on mass transport: experiments and simulations. PhD thesis, Universit\u00e9 de Droit, d&#8217;Economie et des Sciences d&#8217;Aix-Marseille, Facult\u00e9 des Sciences et Techniques de Saint-J\u00e9r\u00f4me, Marseille, France; University of Debrecen, Faculty of Sciences, Debrecen, Hungary, 2001. Full text. Z. Erd\u00e9lyi, D.L. Beke, P. Nemes, and G.A. Langer. On the &hellip; Continue reading Bibliography &rarr;","og_url":"http:\/\/web.unideb.hu\/zerdelyi\/diffusion-on-the-nanoscale\/bibliography\/","og_site_name":"Zolt\u00e1n ERD\u00c9LYI","article_modified_time":"2013-12-13T22:56:37+00:00","twitter_misc":{"Est. reading time":"3 minutes"},"schema":{"@context":"https:\/\/schema.org","@graph":[{"@type":"WebPage","@id":"http:\/\/web.unideb.hu\/zerdelyi\/diffusion-on-the-nanoscale\/bibliography\/","url":"http:\/\/web.unideb.hu\/zerdelyi\/diffusion-on-the-nanoscale\/bibliography\/","name":"Bibliography - Zolt\u00e1n ERD\u00c9LYI","isPartOf":{"@id":"http:\/\/web.unideb.hu\/zerdelyi\/#website"},"datePublished":"2013-04-25T20:43:37+00:00","dateModified":"2013-12-13T22:56:37+00:00","breadcrumb":{"@id":"http:\/\/web.unideb.hu\/zerdelyi\/diffusion-on-the-nanoscale\/bibliography\/#breadcrumb"},"inLanguage":"en-US","potentialAction":[{"@type":"ReadAction","target":["http:\/\/web.unideb.hu\/zerdelyi\/diffusion-on-the-nanoscale\/bibliography\/"]}]},{"@type":"BreadcrumbList","@id":"http:\/\/web.unideb.hu\/zerdelyi\/diffusion-on-the-nanoscale\/bibliography\/#breadcrumb","itemListElement":[{"@type":"ListItem","position":1,"name":"Diffusion on the nanoscale","item":"http:\/\/web.unideb.hu\/zerdelyi\/diffusion-on-the-nanoscale\/"},{"@type":"ListItem","position":2,"name":"Bibliography"}]},{"@type":"WebSite","@id":"http:\/\/web.unideb.hu\/zerdelyi\/#website","url":"http:\/\/web.unideb.hu\/zerdelyi\/","name":"Zolt\u00e1n ERD\u00c9LYI","description":"Nano-materials, diffusion, solid sate reaction","potentialAction":[{"@type":"SearchAction","target":{"@type":"EntryPoint","urlTemplate":"http:\/\/web.unideb.hu\/zerdelyi\/?s={search_term_string}"},"query-input":{"@type":"PropertyValueSpecification","valueRequired":true,"valueName":"search_term_string"}}],"inLanguage":"en-US"}]}},"_links":{"self":[{"href":"http:\/\/web.unideb.hu\/zerdelyi\/wp-json\/wp\/v2\/pages\/293","targetHints":{"allow":["GET"]}}],"collection":[{"href":"http:\/\/web.unideb.hu\/zerdelyi\/wp-json\/wp\/v2\/pages"}],"about":[{"href":"http:\/\/web.unideb.hu\/zerdelyi\/wp-json\/wp\/v2\/types\/page"}],"author":[{"embeddable":true,"href":"http:\/\/web.unideb.hu\/zerdelyi\/wp-json\/wp\/v2\/users\/1"}],"replies":[{"embeddable":true,"href":"http:\/\/web.unideb.hu\/zerdelyi\/wp-json\/wp\/v2\/comments?post=293"}],"version-history":[{"count":21,"href":"http:\/\/web.unideb.hu\/zerdelyi\/wp-json\/wp\/v2\/pages\/293\/revisions"}],"predecessor-version":[{"id":690,"href":"http:\/\/web.unideb.hu\/zerdelyi\/wp-json\/wp\/v2\/pages\/293\/revisions\/690"}],"up":[{"embeddable":true,"href":"http:\/\/web.unideb.hu\/zerdelyi\/wp-json\/wp\/v2\/pages\/4"}],"wp:attachment":[{"href":"http:\/\/web.unideb.hu\/zerdelyi\/wp-json\/wp\/v2\/media?parent=293"}],"curies":[{"name":"wp","href":"https:\/\/api.w.org\/{rel}","templated":true}]}}