{"id":400,"date":"2013-04-27T19:28:16","date_gmt":"2013-04-27T19:28:16","guid":{"rendered":"http:\/\/web.unideb.hu\/zerdelyi\/?page_id=400"},"modified":"2018-12-08T01:34:27","modified_gmt":"2018-12-08T01:34:27","slug":"curriculum-vitae","status":"publish","type":"page","link":"http:\/\/web.unideb.hu\/zerdelyi\/curriculum-vitae\/","title":{"rendered":"Curriculum Vitae"},"content":{"rendered":"<h3>Education<\/h3>\n<hr \/>\n<ul>\n<li>1998: Master Degree in Physics, L. Kossuth University, Debrecen, Hungary;<\/li>\n<li>1998: Equivalence of DEA, Universit\u00e9 Aix-Marseille III, Marseille, France<\/li>\n<\/ul>\n<h3>Scientific degrees<\/h3>\n<hr \/>\n<ul>\n<li>2002: PhD in Materials Science (University Aix-Marseille III, France)<\/li>\n<li>2002: PhD in Physics (University of Debrecen, Hungary)<\/li>\n<li>2010: Habilitation (University of Debrecen, Hungary)<\/li>\n<li>2017: Doctor of the Academy (DSc) (Hungarian Academy of Sciences, Hungary)<\/li>\n<\/ul>\n<h3>Positions<\/h3>\n<hr \/>\n<ul>\n<li>2002-2003 Research Assistant (University of Debrecen, Debrecen, Hungary)<\/li>\n<li>2003-2004 2nd class Assistant Professor (University of Debrecen, Hungary)<\/li>\n<li>2004-2011 1st class Assistant Professor (University of Debrecen, Hungary)<\/li>\n<li>2011-2017\u00a0Associate Professor (University of Debrecen, Hungary<\/li>\n<li><strong>2017- \u00a0 <em>Professor (University of Debrecen, Hungary)<\/em><\/strong><\/li>\n<\/ul>\n<ul>\n<li>2006 Invited professor (Universit\u00e9 Paul C\u00e9zanne, Marseille, France)<\/li>\n<li>2009 Invited professor (University of M\u00fcnster, Germany)<\/li>\n<li>2010 Invited researcher (University of Kumamoto, Japan)<\/li>\n<li>2011 Invited professor (University of M\u00fcnster, Germany)<\/li>\n<li>2013 Guest researcher (University of Stuttgart, Germany)<\/li>\n<li>2018 Invited professor (Normandy University, Rouen, France)<\/li>\n<\/ul>\n<h3>Research activities<\/h3>\n<hr \/>\n<ul>\n<li>Materials science, Nanostructures, Surfaces and interfaces: solid state reaction, diffusion; surface and grain-boundary segregation; interface motion of buried\/internal interfaces; interfaces morphology, stress effects;<\/li>\n<li>Computer simulation\/theory: kinetic mean filed, kinetic Monte Carlo and continuum models; calculation of Auger spectra and x-ray\/neutron diffraction patterns, x-ray standing wave field; etc.,<\/li>\n<li>Experimental techniques: AES, XPS, XRD, synchrotron and neutron facilities: (e.g. diffraction, absorption spectroscopy, standing wave technique, time of flight modes); radiotracer technique; magnetron sputtering; atomic layer deposition (ALD)<\/li>\n<\/ul>\n<h3>Teaching activities<\/h3>\n<hr \/>\n<ul>\n<li>1998-: University of Debrecen, Hungary<\/li>\n<li>2006: Universit\u00e9 Paul C\u00e9zanne, Marseille, France (Invited professor)<\/li>\n<li>2009: University of M\u00fcnster, Germany (Invited professor)<\/li>\n<\/ul>\n<h3>Publications<\/h3>\n<hr \/>\n<ul>\n<li>close to 100 papers in international journals<\/li>\n<li>author\/coauthor of numerous chapters in books<\/li>\n<li>about 50 talks at conferences\/workshops (numerous invited)<\/li>\n<\/ul>\n<h3>Memberships<\/h3>\n<hr \/>\n<ul>\n<li>editorial board member: The Open Surface Science Journal; ISRN Nanotechnology<\/li>\n<li>referee of papers: Physical Review Letters, Physical Review B, Physical Review E, Surface Science, Europhysics Letters, Vacuum, Defect and Diffusion Data, Langmuir, Philosophical Magazine, Journal of Physics<\/li>\n<\/ul>\n<h3>Functions<\/h3>\n<hr \/>\n<ul>\n<li>secretary of Committee on Solid-state Physics of the Hungarian Academy of Sciences: 2011-2014<\/li>\n<li>secretary of Committee on Solid-state Physics of the Hungarian Academy of Sciences: 2008-2011<\/li>\n<li>member of Committee on Solid-state Physics of the Hungarian Academy of Sciences: 2011-<\/li>\n<li>member of Hungarian Synchrotron Committee of the Hungarian Academy of Sciences: 2010-<\/li>\n<li>member of Committee on Physics of the Hungarian Scientific Research Fund (OTKA): 2008-2011<\/li>\n<li>member of Hungarian Synchrotron Committee of the Hungarian Academy of Sciences: 2007-2010<\/li>\n<li>member of Committee on Solid-state Physics of the Hungarian Academy of Sciences: 2005-2008<\/li>\n<li>member of public body of Hungarian Academy of Sciences: 2002-<\/li>\n<li>member of R. E\u00f6tv\u00f6s Physical Society, Hungary: 1993-<\/li>\n<\/ul>\n<h3>Awards<\/h3>\n<hr \/>\n<ul>\n<li>1990: National Secondary School Academic Competition in Physics, qualified for the finals (the best 20)<\/li>\n<li>1991: National Secondary School Academic Competition in Physics, 1st Prize<\/li>\n<li>2004-2007: &#8220;Bolyai Janos&#8221; Research Scholarship \u2013 Awarded to young researchers by the Hungarian Academy of Sciences for research excellence.<\/li>\n<li>2009-2012: &#8220;Bolyai Janos&#8221; Research Scholarship \u2013 Awarded to young researchers by the Hungarian Academy of Sciences for research excellence.<\/li>\n<li>2014: &#8220;Sel\u00e9nyi P\u00e1l&#8221; Award\u00a0\u2013 Awarded to researchers by the\u00a0Hungarian\u00a0Physical Society for experimental research excellence.<\/li>\n<\/ul>\n<h3>Visits<\/h3>\n<hr \/>\n<ul>\n<li>1998-2001 &#8211; PhD scholarship at the University of Aix-Marseille III, Marseille, France<\/li>\n<li>Numerous visits at universities and institutes:\n<ul style=\"list-style-type: circle;\">\n<li>France: University Aix-Marseille III; University Aix-Marseille I; University Paul C\u00e9zanne, ESRF (Grenoble), ILL (Grenoble)<\/li>\n<li>Germany: University of Ulm (Ulm); Bessy (Berlin), Helmholtz-Zentrum Berlin f\u00fcr Materialien und Energie GmbH (Berlin), University of M\u00fcnster (M\u00fcnster)<\/li>\n<li>Austria: University of Vienna<\/li>\n<li>Japan: University of Kumamoto (Kumamoto); Saga synchrotron light source (Saga)<\/li>\n<\/ul>\n<\/li>\n<\/ul>\n","protected":false},"excerpt":{"rendered":"<p>Education 1998: Master Degree in Physics, L. Kossuth University, Debrecen, Hungary; 1998: Equivalence of DEA, Universit\u00e9 Aix-Marseille III, Marseille, France Scientific degrees 2002: PhD in Materials Science (University Aix-Marseille III, France) 2002: PhD in Physics (University of Debrecen, Hungary) 2010: Habilitation (University of Debrecen, Hungary) 2017: Doctor of the Academy (DSc) (Hungarian Academy of Sciences, &hellip; <a href=\"http:\/\/web.unideb.hu\/zerdelyi\/curriculum-vitae\/\" class=\"more-link\">Continue reading <span class=\"screen-reader-text\">Curriculum Vitae<\/span> <span class=\"meta-nav\">&rarr;<\/span><\/a><\/p>\n","protected":false},"author":1,"featured_media":0,"parent":0,"menu_order":20,"comment_status":"closed","ping_status":"closed","template":"","meta":{"footnotes":""},"class_list":["post-400","page","type-page","status-publish","hentry"],"yoast_head":"<!-- This site is optimized with the Yoast SEO plugin v26.1.1 - https:\/\/yoast.com\/wordpress\/plugins\/seo\/ -->\n<title>Curriculum Vitae - Zolt\u00e1n ERD\u00c9LYI<\/title>\n<meta name=\"robots\" content=\"index, follow, max-snippet:-1, max-image-preview:large, max-video-preview:-1\" \/>\n<link rel=\"canonical\" href=\"http:\/\/web.unideb.hu\/zerdelyi\/curriculum-vitae\/\" \/>\n<meta property=\"og:locale\" content=\"en_US\" \/>\n<meta property=\"og:type\" content=\"article\" \/>\n<meta property=\"og:title\" content=\"Curriculum Vitae - Zolt\u00e1n ERD\u00c9LYI\" \/>\n<meta property=\"og:description\" content=\"Education 1998: Master Degree in Physics, L. Kossuth University, Debrecen, Hungary; 1998: Equivalence of DEA, Universit\u00e9 Aix-Marseille III, Marseille, France Scientific degrees 2002: PhD in Materials Science (University Aix-Marseille III, France) 2002: PhD in Physics (University of Debrecen, Hungary) 2010: Habilitation (University of Debrecen, Hungary) 2017: Doctor of the Academy (DSc) (Hungarian Academy of Sciences, &hellip; Continue reading Curriculum Vitae &rarr;\" \/>\n<meta property=\"og:url\" content=\"http:\/\/web.unideb.hu\/zerdelyi\/curriculum-vitae\/\" \/>\n<meta property=\"og:site_name\" content=\"Zolt\u00e1n ERD\u00c9LYI\" \/>\n<meta property=\"article:modified_time\" content=\"2018-12-08T01:34:27+00:00\" \/>\n<meta name=\"twitter:label1\" content=\"Est. reading time\" \/>\n\t<meta name=\"twitter:data1\" content=\"3 minutes\" \/>\n<script type=\"application\/ld+json\" class=\"yoast-schema-graph\">{\"@context\":\"https:\/\/schema.org\",\"@graph\":[{\"@type\":\"WebPage\",\"@id\":\"http:\/\/web.unideb.hu\/zerdelyi\/curriculum-vitae\/\",\"url\":\"http:\/\/web.unideb.hu\/zerdelyi\/curriculum-vitae\/\",\"name\":\"Curriculum Vitae - Zolt\u00e1n ERD\u00c9LYI\",\"isPartOf\":{\"@id\":\"http:\/\/web.unideb.hu\/zerdelyi\/#website\"},\"datePublished\":\"2013-04-27T19:28:16+00:00\",\"dateModified\":\"2018-12-08T01:34:27+00:00\",\"inLanguage\":\"en-US\",\"potentialAction\":[{\"@type\":\"ReadAction\",\"target\":[\"http:\/\/web.unideb.hu\/zerdelyi\/curriculum-vitae\/\"]}]},{\"@type\":\"WebSite\",\"@id\":\"http:\/\/web.unideb.hu\/zerdelyi\/#website\",\"url\":\"http:\/\/web.unideb.hu\/zerdelyi\/\",\"name\":\"Zolt\u00e1n ERD\u00c9LYI\",\"description\":\"Nano-materials, diffusion, solid sate reaction\",\"potentialAction\":[{\"@type\":\"SearchAction\",\"target\":{\"@type\":\"EntryPoint\",\"urlTemplate\":\"http:\/\/web.unideb.hu\/zerdelyi\/?s={search_term_string}\"},\"query-input\":{\"@type\":\"PropertyValueSpecification\",\"valueRequired\":true,\"valueName\":\"search_term_string\"}}],\"inLanguage\":\"en-US\"}]}<\/script>\n<!-- \/ Yoast SEO plugin. -->","yoast_head_json":{"title":"Curriculum Vitae - Zolt\u00e1n ERD\u00c9LYI","robots":{"index":"index","follow":"follow","max-snippet":"max-snippet:-1","max-image-preview":"max-image-preview:large","max-video-preview":"max-video-preview:-1"},"canonical":"http:\/\/web.unideb.hu\/zerdelyi\/curriculum-vitae\/","og_locale":"en_US","og_type":"article","og_title":"Curriculum Vitae - Zolt\u00e1n ERD\u00c9LYI","og_description":"Education 1998: Master Degree in Physics, L. Kossuth University, Debrecen, Hungary; 1998: Equivalence of DEA, Universit\u00e9 Aix-Marseille III, Marseille, France Scientific degrees 2002: PhD in Materials Science (University Aix-Marseille III, France) 2002: PhD in Physics (University of Debrecen, Hungary) 2010: Habilitation (University of Debrecen, Hungary) 2017: Doctor of the Academy (DSc) (Hungarian Academy of Sciences, &hellip; Continue reading Curriculum Vitae &rarr;","og_url":"http:\/\/web.unideb.hu\/zerdelyi\/curriculum-vitae\/","og_site_name":"Zolt\u00e1n ERD\u00c9LYI","article_modified_time":"2018-12-08T01:34:27+00:00","twitter_misc":{"Est. reading time":"3 minutes"},"schema":{"@context":"https:\/\/schema.org","@graph":[{"@type":"WebPage","@id":"http:\/\/web.unideb.hu\/zerdelyi\/curriculum-vitae\/","url":"http:\/\/web.unideb.hu\/zerdelyi\/curriculum-vitae\/","name":"Curriculum Vitae - Zolt\u00e1n ERD\u00c9LYI","isPartOf":{"@id":"http:\/\/web.unideb.hu\/zerdelyi\/#website"},"datePublished":"2013-04-27T19:28:16+00:00","dateModified":"2018-12-08T01:34:27+00:00","inLanguage":"en-US","potentialAction":[{"@type":"ReadAction","target":["http:\/\/web.unideb.hu\/zerdelyi\/curriculum-vitae\/"]}]},{"@type":"WebSite","@id":"http:\/\/web.unideb.hu\/zerdelyi\/#website","url":"http:\/\/web.unideb.hu\/zerdelyi\/","name":"Zolt\u00e1n ERD\u00c9LYI","description":"Nano-materials, diffusion, solid sate reaction","potentialAction":[{"@type":"SearchAction","target":{"@type":"EntryPoint","urlTemplate":"http:\/\/web.unideb.hu\/zerdelyi\/?s={search_term_string}"},"query-input":{"@type":"PropertyValueSpecification","valueRequired":true,"valueName":"search_term_string"}}],"inLanguage":"en-US"}]}},"_links":{"self":[{"href":"http:\/\/web.unideb.hu\/zerdelyi\/wp-json\/wp\/v2\/pages\/400","targetHints":{"allow":["GET"]}}],"collection":[{"href":"http:\/\/web.unideb.hu\/zerdelyi\/wp-json\/wp\/v2\/pages"}],"about":[{"href":"http:\/\/web.unideb.hu\/zerdelyi\/wp-json\/wp\/v2\/types\/page"}],"author":[{"embeddable":true,"href":"http:\/\/web.unideb.hu\/zerdelyi\/wp-json\/wp\/v2\/users\/1"}],"replies":[{"embeddable":true,"href":"http:\/\/web.unideb.hu\/zerdelyi\/wp-json\/wp\/v2\/comments?post=400"}],"version-history":[{"count":37,"href":"http:\/\/web.unideb.hu\/zerdelyi\/wp-json\/wp\/v2\/pages\/400\/revisions"}],"predecessor-version":[{"id":816,"href":"http:\/\/web.unideb.hu\/zerdelyi\/wp-json\/wp\/v2\/pages\/400\/revisions\/816"}],"wp:attachment":[{"href":"http:\/\/web.unideb.hu\/zerdelyi\/wp-json\/wp\/v2\/media?parent=400"}],"curies":[{"name":"wp","href":"https:\/\/api.w.org\/{rel}","templated":true}]}}