{"id":719,"date":"2013-12-14T22:07:38","date_gmt":"2013-12-14T22:07:38","guid":{"rendered":"http:\/\/web.unideb.hu\/zerdelyi\/?page_id=719"},"modified":"2013-12-14T22:07:38","modified_gmt":"2013-12-14T22:07:38","slug":"media","status":"publish","type":"page","link":"http:\/\/web.unideb.hu\/zerdelyi\/media\/","title":{"rendered":"Presence in Media"},"content":{"rendered":"<h3>N\u00e9pszabads\u00e1g<\/h3>\n<p>Interview in one of the most popular Hungarian newspaper (N\u00e9pszabads\u00e1g). The interview was published both on paper and <a title=\"N\u00e9pszabads\u00e1g\" href=\"http:\/\/www.nol.hu\/archivum\/archiv-350141\" target=\"_blank\">online (Anyagkever\u0151 debreceni fizikusok)<\/a>.<\/p>\n<h3>Mindentud\u00e1s Egyeteme<\/h3>\n<p>A report has been published about our work on a very popular Hungarian educational website. See <a title=\"Mindentud\u00e1s Egyeteme\" href=\"http:\/\/web.unideb.hu\/zerdelyi\/mindentudas\/20050517szokatlan.html\" target=\"_blank\">here (Szokatlan nanodiff\u00fazi\u00f3 Debrecenben)<\/a>.<\/p>\n<h3>Austrian news<\/h3>\n<p>ORF:\u00a0 <a title=\"Diffusion im Dienste der Mikroelektronik\" href=\"http:\/\/sciencev1.orf.at\/science\/news\/131202\" target=\"_blank\">Diffusion im Dienste der Mikroelektronik<\/a><\/p>\n<p>Die Presse: <a title=\"Physik: Grenzschicht, die sich selbst sch\u00e4rft\" href=\"http:\/\/diepresse.com\/home\/science\/158472\/Physik_Grenzschicht-die-sich-selbst-schaerft\" target=\"_blank\">Physik: Grenzschicht, die sich selbst sch\u00e4rft<\/a><\/p>\n","protected":false},"excerpt":{"rendered":"<p>N\u00e9pszabads\u00e1g Interview in one of the most popular Hungarian newspaper (N\u00e9pszabads\u00e1g). The interview was published both on paper and online (Anyagkever\u0151 debreceni fizikusok). Mindentud\u00e1s Egyeteme A report has been published about our work on a very popular Hungarian educational website. See here (Szokatlan nanodiff\u00fazi\u00f3 Debrecenben). Austrian news ORF:\u00a0 Diffusion im Dienste der Mikroelektronik Die Presse: &hellip; <a href=\"http:\/\/web.unideb.hu\/zerdelyi\/media\/\" class=\"more-link\">Continue reading <span class=\"screen-reader-text\">Presence in Media<\/span> <span class=\"meta-nav\">&rarr;<\/span><\/a><\/p>\n","protected":false},"author":1,"featured_media":0,"parent":0,"menu_order":0,"comment_status":"closed","ping_status":"closed","template":"","meta":{"footnotes":""},"class_list":["post-719","page","type-page","status-publish","hentry"],"yoast_head":"<!-- This site is optimized with the Yoast SEO plugin v26.1.1 - https:\/\/yoast.com\/wordpress\/plugins\/seo\/ -->\n<title>Presence in Media - Zolt\u00e1n ERD\u00c9LYI<\/title>\n<meta name=\"robots\" content=\"index, follow, max-snippet:-1, max-image-preview:large, max-video-preview:-1\" \/>\n<link rel=\"canonical\" href=\"http:\/\/web.unideb.hu\/zerdelyi\/media\/\" \/>\n<meta property=\"og:locale\" content=\"en_US\" \/>\n<meta property=\"og:type\" content=\"article\" \/>\n<meta property=\"og:title\" content=\"Presence in Media - Zolt\u00e1n ERD\u00c9LYI\" \/>\n<meta property=\"og:description\" content=\"N\u00e9pszabads\u00e1g Interview in one of the most popular Hungarian newspaper (N\u00e9pszabads\u00e1g). The interview was published both on paper and online (Anyagkever\u0151 debreceni fizikusok). Mindentud\u00e1s Egyeteme A report has been published about our work on a very popular Hungarian educational website. See here (Szokatlan nanodiff\u00fazi\u00f3 Debrecenben). Austrian news ORF:\u00a0 Diffusion im Dienste der Mikroelektronik Die Presse: &hellip; Continue reading Presence in Media &rarr;\" \/>\n<meta property=\"og:url\" content=\"http:\/\/web.unideb.hu\/zerdelyi\/media\/\" \/>\n<meta property=\"og:site_name\" content=\"Zolt\u00e1n ERD\u00c9LYI\" \/>\n<script type=\"application\/ld+json\" class=\"yoast-schema-graph\">{\"@context\":\"https:\/\/schema.org\",\"@graph\":[{\"@type\":\"WebPage\",\"@id\":\"http:\/\/web.unideb.hu\/zerdelyi\/media\/\",\"url\":\"http:\/\/web.unideb.hu\/zerdelyi\/media\/\",\"name\":\"Presence in Media - Zolt\u00e1n ERD\u00c9LYI\",\"isPartOf\":{\"@id\":\"http:\/\/web.unideb.hu\/zerdelyi\/#website\"},\"datePublished\":\"2013-12-14T22:07:38+00:00\",\"inLanguage\":\"en-US\",\"potentialAction\":[{\"@type\":\"ReadAction\",\"target\":[\"http:\/\/web.unideb.hu\/zerdelyi\/media\/\"]}]},{\"@type\":\"WebSite\",\"@id\":\"http:\/\/web.unideb.hu\/zerdelyi\/#website\",\"url\":\"http:\/\/web.unideb.hu\/zerdelyi\/\",\"name\":\"Zolt\u00e1n ERD\u00c9LYI\",\"description\":\"Nano-materials, diffusion, solid sate reaction\",\"potentialAction\":[{\"@type\":\"SearchAction\",\"target\":{\"@type\":\"EntryPoint\",\"urlTemplate\":\"http:\/\/web.unideb.hu\/zerdelyi\/?s={search_term_string}\"},\"query-input\":{\"@type\":\"PropertyValueSpecification\",\"valueRequired\":true,\"valueName\":\"search_term_string\"}}],\"inLanguage\":\"en-US\"}]}<\/script>\n<!-- \/ Yoast SEO plugin. -->","yoast_head_json":{"title":"Presence in Media - Zolt\u00e1n ERD\u00c9LYI","robots":{"index":"index","follow":"follow","max-snippet":"max-snippet:-1","max-image-preview":"max-image-preview:large","max-video-preview":"max-video-preview:-1"},"canonical":"http:\/\/web.unideb.hu\/zerdelyi\/media\/","og_locale":"en_US","og_type":"article","og_title":"Presence in Media - Zolt\u00e1n ERD\u00c9LYI","og_description":"N\u00e9pszabads\u00e1g Interview in one of the most popular Hungarian newspaper (N\u00e9pszabads\u00e1g). The interview was published both on paper and online (Anyagkever\u0151 debreceni fizikusok). Mindentud\u00e1s Egyeteme A report has been published about our work on a very popular Hungarian educational website. See here (Szokatlan nanodiff\u00fazi\u00f3 Debrecenben). Austrian news ORF:\u00a0 Diffusion im Dienste der Mikroelektronik Die Presse: &hellip; Continue reading Presence in Media &rarr;","og_url":"http:\/\/web.unideb.hu\/zerdelyi\/media\/","og_site_name":"Zolt\u00e1n ERD\u00c9LYI","schema":{"@context":"https:\/\/schema.org","@graph":[{"@type":"WebPage","@id":"http:\/\/web.unideb.hu\/zerdelyi\/media\/","url":"http:\/\/web.unideb.hu\/zerdelyi\/media\/","name":"Presence in Media - Zolt\u00e1n ERD\u00c9LYI","isPartOf":{"@id":"http:\/\/web.unideb.hu\/zerdelyi\/#website"},"datePublished":"2013-12-14T22:07:38+00:00","inLanguage":"en-US","potentialAction":[{"@type":"ReadAction","target":["http:\/\/web.unideb.hu\/zerdelyi\/media\/"]}]},{"@type":"WebSite","@id":"http:\/\/web.unideb.hu\/zerdelyi\/#website","url":"http:\/\/web.unideb.hu\/zerdelyi\/","name":"Zolt\u00e1n ERD\u00c9LYI","description":"Nano-materials, diffusion, solid sate reaction","potentialAction":[{"@type":"SearchAction","target":{"@type":"EntryPoint","urlTemplate":"http:\/\/web.unideb.hu\/zerdelyi\/?s={search_term_string}"},"query-input":{"@type":"PropertyValueSpecification","valueRequired":true,"valueName":"search_term_string"}}],"inLanguage":"en-US"}]}},"_links":{"self":[{"href":"http:\/\/web.unideb.hu\/zerdelyi\/wp-json\/wp\/v2\/pages\/719","targetHints":{"allow":["GET"]}}],"collection":[{"href":"http:\/\/web.unideb.hu\/zerdelyi\/wp-json\/wp\/v2\/pages"}],"about":[{"href":"http:\/\/web.unideb.hu\/zerdelyi\/wp-json\/wp\/v2\/types\/page"}],"author":[{"embeddable":true,"href":"http:\/\/web.unideb.hu\/zerdelyi\/wp-json\/wp\/v2\/users\/1"}],"replies":[{"embeddable":true,"href":"http:\/\/web.unideb.hu\/zerdelyi\/wp-json\/wp\/v2\/comments?post=719"}],"version-history":[{"count":8,"href":"http:\/\/web.unideb.hu\/zerdelyi\/wp-json\/wp\/v2\/pages\/719\/revisions"}],"predecessor-version":[{"id":728,"href":"http:\/\/web.unideb.hu\/zerdelyi\/wp-json\/wp\/v2\/pages\/719\/revisions\/728"}],"wp:attachment":[{"href":"http:\/\/web.unideb.hu\/zerdelyi\/wp-json\/wp\/v2\/media?parent=719"}],"curies":[{"name":"wp","href":"https:\/\/api.w.org\/{rel}","templated":true}]}}